{"id":521,"date":"2025-01-03T16:46:33","date_gmt":"2025-01-04T00:46:33","guid":{"rendered":"https:\/\/oskarescalante.com\/?page_id=521"},"modified":"2025-06-25T15:04:53","modified_gmt":"2025-06-25T22:04:53","slug":"nosotros","status":"publish","type":"page","link":"https:\/\/oskarescalante.com\/en\/nosotros\/","title":{"rendered":"About Us"},"content":{"rendered":"<div data-elementor-type=\"wp-page\" data-elementor-id=\"521\" class=\"elementor elementor-521\" data-elementor-post-type=\"page\">\n\t\t\t\t<div class=\"elementor-element elementor-element-a76f399 e-flex e-con-boxed e-con e-parent\" data-id=\"a76f399\" data-element_type=\"container\" data-settings=\"{&quot;background_background&quot;:&quot;classic&quot;}\">\n\t\t\t\t\t<div class=\"e-con-inner\">\n\t\t<div class=\"elementor-element elementor-element-bc37acb e-con-full e-flex elementor-invisible e-con e-child\" data-id=\"bc37acb\" data-element_type=\"container\" data-settings=\"{&quot;animation&quot;:&quot;fadeInUp&quot;}\">\n\t\t\t\t<div class=\"elementor-element elementor-element-97f93b9 elementor-widget elementor-widget-image\" data-id=\"97f93b9\" data-element_type=\"widget\" data-widget_type=\"image.default\">\n\t\t\t\t<div class=\"elementor-widget-container\">\n\t\t\t\t\t\t\t\t\t\t\t\t\t\t\t<img fetchpriority=\"high\" decoding=\"async\" width=\"583\" height=\"237\" src=\"https:\/\/oskarescalante.com\/wp-content\/uploads\/2025\/03\/Logo-horizontal-oscuro.png\" class=\"attachment-full size-full wp-image-769\" alt=\"Oskar Escalante\" srcset=\"https:\/\/oskarescalante.com\/wp-content\/uploads\/2025\/03\/Logo-horizontal-oscuro.png 583w, https:\/\/oskarescalante.com\/wp-content\/uploads\/2025\/03\/Logo-horizontal-oscuro-300x122.png 300w\" sizes=\"(max-width: 583px) 100vw, 583px\" \/>\t\t\t\t\t\t\t\t\t\t\t\t\t\t\t<\/div>\n\t\t\t\t<\/div>\n\t\t\t\t<div class=\"elementor-element elementor-element-5298feb elementor-widget__width-initial elementor-widget elementor-widget-text-editor\" data-id=\"5298feb\" data-element_type=\"widget\" data-widget_type=\"text-editor.default\">\n\t\t\t\t<div class=\"elementor-widget-container\">\n\t\t\t\t\t\t\t\t\t<p><span style=\"font-weight: 400;\">With over 20 years of experience in event design, planning, and coordination, we specialize in delivering exceptional service focused on exceeding our clients' expectations.<\/span><\/p>\t\t\t\t\t\t\t\t<\/div>\n\t\t\t\t<\/div>\n\t\t\t\t<div class=\"elementor-element elementor-element-184ad78 elementor-widget elementor-widget-image\" data-id=\"184ad78\" data-element_type=\"widget\" data-widget_type=\"image.default\">\n\t\t\t\t<div class=\"elementor-widget-container\">\n\t\t\t\t\t\t\t\t\t\t\t\t\t\t\t<img decoding=\"async\" width=\"800\" height=\"527\" src=\"https:\/\/oskarescalante.com\/wp-content\/uploads\/2025\/06\/OE-Equipo-1024x674.jpg\" class=\"attachment-large size-large wp-image-1268\" alt=\"\" srcset=\"https:\/\/oskarescalante.com\/wp-content\/uploads\/2025\/06\/OE-Equipo-1024x674.jpg 1024w, https:\/\/oskarescalante.com\/wp-content\/uploads\/2025\/06\/OE-Equipo-300x198.jpg 300w, https:\/\/oskarescalante.com\/wp-content\/uploads\/2025\/06\/OE-Equipo-768x506.jpg 768w, https:\/\/oskarescalante.com\/wp-content\/uploads\/2025\/06\/OE-Equipo-18x12.jpg 18w, https:\/\/oskarescalante.com\/wp-content\/uploads\/2025\/06\/OE-Equipo.jpg 1200w\" sizes=\"(max-width: 800px) 100vw, 800px\" \/>\t\t\t\t\t\t\t\t\t\t\t\t\t\t\t<\/div>\n\t\t\t\t<\/div>\n\t\t\t\t<div class=\"elementor-element elementor-element-2f67f9a elementor-widget elementor-widget-image\" data-id=\"2f67f9a\" data-element_type=\"widget\" data-widget_type=\"image.default\">\n\t\t\t\t<div class=\"elementor-widget-container\">\n\t\t\t\t\t\t\t\t\t\t\t\t\t\t\t<img decoding=\"async\" width=\"403\" height=\"65\" src=\"https:\/\/oskarescalante.com\/wp-content\/uploads\/2024\/10\/Ilustraciones-eventos.png\" class=\"attachment-full size-full wp-image-50\" alt=\"\" srcset=\"https:\/\/oskarescalante.com\/wp-content\/uploads\/2024\/10\/Ilustraciones-eventos.png 403w, https:\/\/oskarescalante.com\/wp-content\/uploads\/2024\/10\/Ilustraciones-eventos-300x48.png 300w\" sizes=\"(max-width: 403px) 100vw, 403px\" \/>\t\t\t\t\t\t\t\t\t\t\t\t\t\t\t<\/div>\n\t\t\t\t<\/div>\n\t\t\t\t<\/div>\n\t\t<div class=\"elementor-element elementor-element-4ef29c3 e-con-full e-flex elementor-invisible e-con e-child\" data-id=\"4ef29c3\" data-element_type=\"container\" data-settings=\"{&quot;animation&quot;:&quot;fadeInUp&quot;}\">\n\t\t<div class=\"elementor-element elementor-element-d77d3a1 e-con-full e-flex e-con e-child\" data-id=\"d77d3a1\" data-element_type=\"container\">\n\t\t\t\t<div class=\"elementor-element elementor-element-1499499 elementor-widget elementor-widget-text-editor\" data-id=\"1499499\" data-element_type=\"widget\" data-widget_type=\"text-editor.default\">\n\t\t\t\t<div class=\"elementor-widget-container\">\n\t\t\t\t\t\t\t\t\t<p><span style=\"font-weight: 400;\">Our company, founded by Oskar Escalante Ainslie, has become a benchmark in the industry thanks to his passion, unique vision, and commitment to creativity and attention to detail. Backed by a highly skilled team, he transforms spaces and creates unforgettable experiences at every event.<\/span><\/p><p><span style=\"font-weight: 400;\">We strive to continue growing and bring our vision to new destinations, expanding our approach to weddings and events in cities like Tijuana, Ensenada, and San Diego, as well as exclusive locations from Punta Mita to Los Cabos. We are passionate about designing moments that reflect the essence and dreams of each client \u2014 no matter where they are celebrated.<\/span><\/p><p><span style=\"font-weight: 400;\">We care for every detail with precision and dedication, ensuring that each celebration is not only visually spectacular but also leaves a lasting impression on everyone who experiences it. With the creativity and leadership of Oskar Escalante, every event becomes a unique and unforgettable experience.<\/span><\/p>\t\t\t\t\t\t\t\t<\/div>\n\t\t\t\t<\/div>\n\t\t\t\t<\/div>\n\t\t<div class=\"elementor-element elementor-element-1d4d116 e-con-full e-flex e-con e-child\" data-id=\"1d4d116\" data-element_type=\"container\">\n\t\t\t\t<div class=\"elementor-element elementor-element-0086134 elementor-widget elementor-widget-image\" data-id=\"0086134\" data-element_type=\"widget\" data-widget_type=\"image.default\">\n\t\t\t\t<div class=\"elementor-widget-container\">\n\t\t\t\t\t\t\t\t\t\t\t\t\t\t\t<img loading=\"lazy\" decoding=\"async\" width=\"1024\" height=\"1460\" src=\"https:\/\/oskarescalante.com\/wp-content\/uploads\/2025\/06\/Oskar-Escalante.jpg\" class=\"attachment-full size-full wp-image-1257\" alt=\"\" srcset=\"https:\/\/oskarescalante.com\/wp-content\/uploads\/2025\/06\/Oskar-Escalante.jpg 1024w, https:\/\/oskarescalante.com\/wp-content\/uploads\/2025\/06\/Oskar-Escalante-210x300.jpg 210w, https:\/\/oskarescalante.com\/wp-content\/uploads\/2025\/06\/Oskar-Escalante-718x1024.jpg 718w, https:\/\/oskarescalante.com\/wp-content\/uploads\/2025\/06\/Oskar-Escalante-768x1095.jpg 768w, https:\/\/oskarescalante.com\/wp-content\/uploads\/2025\/06\/Oskar-Escalante-8x12.jpg 8w\" sizes=\"(max-width: 1024px) 100vw, 1024px\" \/>\t\t\t\t\t\t\t\t\t\t\t\t\t\t\t<\/div>\n\t\t\t\t<\/div>\n\t\t\t\t<\/div>\n\t\t\t\t<\/div>\n\t\t<div class=\"elementor-element elementor-element-564fbbb e-con-full e-flex elementor-invisible e-con e-child\" data-id=\"564fbbb\" data-element_type=\"container\" data-settings=\"{&quot;animation&quot;:&quot;fadeInUp&quot;}\">\n\t\t<div class=\"elementor-element elementor-element-ead0780 e-con-full e-flex e-con e-child\" data-id=\"ead0780\" data-element_type=\"container\">\n\t\t\t\t<div class=\"elementor-element elementor-element-64ed4c2 elementor-widget elementor-widget-image\" data-id=\"64ed4c2\" data-element_type=\"widget\" data-widget_type=\"image.default\">\n\t\t\t\t<div class=\"elementor-widget-container\">\n\t\t\t\t\t\t\t\t\t\t\t\t\t\t\t<img loading=\"lazy\" decoding=\"async\" width=\"800\" height=\"900\" src=\"https:\/\/oskarescalante.com\/wp-content\/uploads\/2025\/06\/Maria-belen.jpg\" class=\"attachment-full size-full wp-image-1260\" alt=\"\" srcset=\"https:\/\/oskarescalante.com\/wp-content\/uploads\/2025\/06\/Maria-belen.jpg 800w, https:\/\/oskarescalante.com\/wp-content\/uploads\/2025\/06\/Maria-belen-267x300.jpg 267w, https:\/\/oskarescalante.com\/wp-content\/uploads\/2025\/06\/Maria-belen-768x864.jpg 768w, https:\/\/oskarescalante.com\/wp-content\/uploads\/2025\/06\/Maria-belen-11x12.jpg 11w\" sizes=\"(max-width: 800px) 100vw, 800px\" \/>\t\t\t\t\t\t\t\t\t\t\t\t\t\t\t<\/div>\n\t\t\t\t<\/div>\n\t\t\t\t<div class=\"elementor-element elementor-element-3c05616 elementor-widget elementor-widget-text-editor\" data-id=\"3c05616\" data-element_type=\"widget\" data-widget_type=\"text-editor.default\">\n\t\t\t\t<div class=\"elementor-widget-container\">\n\t\t\t\t\t\t\t\t\t<p><strong>MAR\u00cdA BEL\u00c9N HINOJOSA AINSLIE<\/strong><br \/><em>LOGISTICS, OPERATIONS, AND COORDINATION<\/em><\/p>\t\t\t\t\t\t\t\t<\/div>\n\t\t\t\t<\/div>\n\t\t\t\t<div class=\"elementor-element elementor-element-e73b5ec elementor-widget elementor-widget-text-editor\" data-id=\"e73b5ec\" data-element_type=\"widget\" data-widget_type=\"text-editor.default\">\n\t\t\t\t<div class=\"elementor-widget-container\">\n\t\t\t\t\t\t\t\t\t<p>With a strategic vision and an unwavering focus on excellence, I lead vendor management, oversee every order, and coordinate even the smallest operational details to ensure each event is flawless. My ability to organize and optimize every process guarantees smooth, seamless celebrations where everything fits perfectly. Precision, control, and dedication are the foundation of my work, ensuring that every event not only meets but exceeds expectations and becomes an unforgettable experience.<\/p>\t\t\t\t\t\t\t\t<\/div>\n\t\t\t\t<\/div>\n\t\t\t\t<\/div>\n\t\t<div class=\"elementor-element elementor-element-ab6746f e-con-full e-flex e-con e-child\" data-id=\"ab6746f\" data-element_type=\"container\">\n\t\t\t\t<div class=\"elementor-element elementor-element-fb8b665 elementor-widget elementor-widget-image\" data-id=\"fb8b665\" data-element_type=\"widget\" data-widget_type=\"image.default\">\n\t\t\t\t<div class=\"elementor-widget-container\">\n\t\t\t\t\t\t\t\t\t\t\t\t\t\t\t<img loading=\"lazy\" decoding=\"async\" width=\"800\" height=\"900\" src=\"https:\/\/oskarescalante.com\/wp-content\/uploads\/2025\/06\/Claudia.jpg\" class=\"attachment-full size-full wp-image-1258\" alt=\"\" srcset=\"https:\/\/oskarescalante.com\/wp-content\/uploads\/2025\/06\/Claudia.jpg 800w, https:\/\/oskarescalante.com\/wp-content\/uploads\/2025\/06\/Claudia-267x300.jpg 267w, https:\/\/oskarescalante.com\/wp-content\/uploads\/2025\/06\/Claudia-768x864.jpg 768w, https:\/\/oskarescalante.com\/wp-content\/uploads\/2025\/06\/Claudia-11x12.jpg 11w\" sizes=\"(max-width: 800px) 100vw, 800px\" \/>\t\t\t\t\t\t\t\t\t\t\t\t\t\t\t<\/div>\n\t\t\t\t<\/div>\n\t\t\t\t<div class=\"elementor-element elementor-element-a704f9f elementor-widget elementor-widget-text-editor\" data-id=\"a704f9f\" data-element_type=\"widget\" data-widget_type=\"text-editor.default\">\n\t\t\t\t<div class=\"elementor-widget-container\">\n\t\t\t\t\t\t\t\t\t<p><strong>CLAUDIA AINSLIE<br \/><\/strong><em>GENERAL ADMINISTRATION<\/em><\/p>\t\t\t\t\t\t\t\t<\/div>\n\t\t\t\t<\/div>\n\t\t\t\t<div class=\"elementor-element elementor-element-998a55e elementor-widget elementor-widget-text-editor\" data-id=\"998a55e\" data-element_type=\"widget\" data-widget_type=\"text-editor.default\">\n\t\t\t\t<div class=\"elementor-widget-container\">\n\t\t\t\t\t\t\t\t\t<p>I efficiently manage administrative processes through to the supervision and execution of each celebration, ensuring every detail is perfectly aligned. With meticulous planning and a strategic approach, I guarantee events run smoothly and exceed expectations. My commitment to excellence and organization helps create flawless, memorable experiences for every client.<\/p>\t\t\t\t\t\t\t\t<\/div>\n\t\t\t\t<\/div>\n\t\t\t\t<\/div>\n\t\t<div class=\"elementor-element elementor-element-ee2acd2 e-con-full e-flex e-con e-child\" data-id=\"ee2acd2\" data-element_type=\"container\">\n\t\t\t\t<div class=\"elementor-element elementor-element-a372e09 elementor-widget elementor-widget-image\" data-id=\"a372e09\" data-element_type=\"widget\" data-widget_type=\"image.default\">\n\t\t\t\t<div class=\"elementor-widget-container\">\n\t\t\t\t\t\t\t\t\t\t\t\t\t\t\t<img loading=\"lazy\" decoding=\"async\" width=\"800\" height=\"900\" src=\"https:\/\/oskarescalante.com\/wp-content\/uploads\/2025\/06\/Sam.jpg\" class=\"attachment-full size-full wp-image-1261\" alt=\"\" srcset=\"https:\/\/oskarescalante.com\/wp-content\/uploads\/2025\/06\/Sam.jpg 800w, https:\/\/oskarescalante.com\/wp-content\/uploads\/2025\/06\/Sam-267x300.jpg 267w, https:\/\/oskarescalante.com\/wp-content\/uploads\/2025\/06\/Sam-768x864.jpg 768w, https:\/\/oskarescalante.com\/wp-content\/uploads\/2025\/06\/Sam-11x12.jpg 11w\" sizes=\"(max-width: 800px) 100vw, 800px\" \/>\t\t\t\t\t\t\t\t\t\t\t\t\t\t\t<\/div>\n\t\t\t\t<\/div>\n\t\t\t\t<div class=\"elementor-element elementor-element-c771123 elementor-widget elementor-widget-text-editor\" data-id=\"c771123\" data-element_type=\"widget\" data-widget_type=\"text-editor.default\">\n\t\t\t\t<div class=\"elementor-widget-container\">\n\t\t\t\t\t\t\t\t\t<p><strong>SAMANTA MAC\u00cdAS MELKEN<\/strong><br \/><em>DESIGN &amp; CREATIVITY DEPARTMENT<\/em><\/p>\t\t\t\t\t\t\t\t<\/div>\n\t\t\t\t<\/div>\n\t\t\t\t<div class=\"elementor-element elementor-element-90d9125 elementor-widget elementor-widget-text-editor\" data-id=\"90d9125\" data-element_type=\"widget\" data-widget_type=\"text-editor.default\">\n\t\t\t\t<div class=\"elementor-widget-container\">\n\t\t\t\t\t\t\t\t\t<p>In love with art, life, design, and event planning.<br \/>Each project represents for me the opportunity to design unique and innovative experiences, personalizing each event and transforming ideas into high-quality visual concepts that reflect the essence of each client. My focus on detail, aesthetics, creativity, and the artistic sensitivity I\u2019ve developed over time allows me to create proposals that spark emotion and connect with clients. For me, every visual concept is the first step toward making unforgettable events a reality.<\/p>\t\t\t\t\t\t\t\t<\/div>\n\t\t\t\t<\/div>\n\t\t\t\t<\/div>\n\t\t<div class=\"elementor-element elementor-element-3c54ee7 e-con-full e-flex e-con e-child\" data-id=\"3c54ee7\" data-element_type=\"container\">\n\t\t\t\t<div class=\"elementor-element elementor-element-8c44ee2 elementor-widget elementor-widget-image\" data-id=\"8c44ee2\" data-element_type=\"widget\" data-widget_type=\"image.default\">\n\t\t\t\t<div class=\"elementor-widget-container\">\n\t\t\t\t\t\t\t\t\t\t\t\t\t\t\t<img loading=\"lazy\" decoding=\"async\" width=\"800\" height=\"900\" src=\"https:\/\/oskarescalante.com\/wp-content\/uploads\/2025\/06\/Kate.jpg\" class=\"attachment-full size-full wp-image-1259\" alt=\"\" srcset=\"https:\/\/oskarescalante.com\/wp-content\/uploads\/2025\/06\/Kate.jpg 800w, https:\/\/oskarescalante.com\/wp-content\/uploads\/2025\/06\/Kate-267x300.jpg 267w, https:\/\/oskarescalante.com\/wp-content\/uploads\/2025\/06\/Kate-768x864.jpg 768w, https:\/\/oskarescalante.com\/wp-content\/uploads\/2025\/06\/Kate-11x12.jpg 11w\" sizes=\"(max-width: 800px) 100vw, 800px\" \/>\t\t\t\t\t\t\t\t\t\t\t\t\t\t\t<\/div>\n\t\t\t\t<\/div>\n\t\t\t\t<div class=\"elementor-element elementor-element-9c33b24 elementor-widget elementor-widget-text-editor\" data-id=\"9c33b24\" data-element_type=\"widget\" data-widget_type=\"text-editor.default\">\n\t\t\t\t<div class=\"elementor-widget-container\">\n\t\t\t\t\t\t\t\t\t<p><strong>KATE SALCEDA<br \/><\/strong><em>MARKETING &amp; COMMUNITY MANAGER<\/em><\/p>\t\t\t\t\t\t\t\t<\/div>\n\t\t\t\t<\/div>\n\t\t\t\t<div class=\"elementor-element elementor-element-ccc590d elementor-widget elementor-widget-text-editor\" data-id=\"ccc590d\" data-element_type=\"widget\" data-widget_type=\"text-editor.default\">\n\t\t\t\t<div class=\"elementor-widget-container\">\n\t\t\t\t\t\t\t\t\t<p>Content creator passionate about stories that inspire and connect. A graduate in Marketing, I\u2019ve dedicated my professional journey to empowering purpose-driven brands. Currently, my focus is on showcasing the talent and creativity of Oskar Escalante, a designer of unique and unforgettable events. Through digital strategies, storytelling, and authentic content, my goal is to help more people discover the magic behind every experience he creates.<\/p>\t\t\t\t\t\t\t\t<\/div>\n\t\t\t\t<\/div>\n\t\t\t\t<\/div>\n\t\t\t\t<\/div>\n\t\t\t\t\t<\/div>\n\t\t\t\t<\/div>\n\t\t\t\t<\/div>","protected":false},"excerpt":{"rendered":"<p>Con m\u00e1s de 20 a\u00f1os de experiencia en el dise\u00f1o, planeaci\u00f3n y organizaci\u00f3n de eventos, nos especializamos en ofrecer un servicio de excelencia, enfocado en superar las expectativas de nuestros clientes. Nuestra empresa, fundada por Oskar Escalante Ainslie, se ha consolidado como un referente en la industria gracias a su pasi\u00f3n, visi\u00f3n \u00fanica y compromiso [&hellip;]<\/p>\n","protected":false},"author":2,"featured_media":301,"parent":0,"menu_order":0,"comment_status":"closed","ping_status":"closed","template":"","meta":{"_joinchat":[],"footnotes":""},"class_list":["post-521","page","type-page","status-publish","has-post-thumbnail","hentry"],"yoast_head":"<!-- This site is optimized with the Yoast SEO plugin v25.0 - https:\/\/yoast.com\/wordpress\/plugins\/seo\/ -->\n<title>Nosotros | Oskar Escalante<\/title>\n<meta name=\"description\" content=\"Con m\u00e1s de 20 a\u00f1os de experiencia en el dise\u00f1o, planeaci\u00f3n y organizaci\u00f3n de eventos.\" \/>\n<meta name=\"robots\" content=\"index, follow, max-snippet:-1, max-image-preview:large, max-video-preview:-1\" \/>\n<link rel=\"canonical\" href=\"https:\/\/oskarescalante.com\/en\/nosotros\/\" \/>\n<meta property=\"og:locale\" content=\"en_US\" \/>\n<meta property=\"og:type\" content=\"article\" \/>\n<meta property=\"og:title\" content=\"Nosotros | Oskar Escalante\" \/>\n<meta property=\"og:description\" content=\"Con m\u00e1s de 20 a\u00f1os de experiencia en el dise\u00f1o, planeaci\u00f3n y organizaci\u00f3n de eventos.\" \/>\n<meta property=\"og:url\" content=\"https:\/\/oskarescalante.com\/en\/nosotros\/\" \/>\n<meta property=\"og:site_name\" content=\"Oskar Escalante\" \/>\n<meta property=\"article:publisher\" content=\"https:\/\/www.facebook.com\/oskarescalantewedding\/\" \/>\n<meta property=\"article:modified_time\" content=\"2025-06-25T22:04:53+00:00\" \/>\n<meta property=\"og:image\" content=\"https:\/\/oskarescalante.com\/wp-content\/uploads\/2024\/10\/thumbnail.jpg\" \/>\n\t<meta property=\"og:image:width\" content=\"800\" \/>\n\t<meta property=\"og:image:height\" content=\"600\" \/>\n\t<meta property=\"og:image:type\" content=\"image\/jpeg\" \/>\n<meta name=\"twitter:card\" content=\"summary_large_image\" \/>\n<meta name=\"twitter:label1\" content=\"Est. reading time\" \/>\n\t<meta name=\"twitter:data1\" content=\"4 minutes\" \/>\n<script type=\"application\/ld+json\" class=\"yoast-schema-graph\">{\"@context\":\"https:\/\/schema.org\",\"@graph\":[{\"@type\":\"WebPage\",\"@id\":\"https:\/\/oskarescalante.com\/nosotros\/\",\"url\":\"https:\/\/oskarescalante.com\/nosotros\/\",\"name\":\"Nosotros | Oskar Escalante\",\"isPartOf\":{\"@id\":\"https:\/\/oskarescalante.com\/#website\"},\"primaryImageOfPage\":{\"@id\":\"https:\/\/oskarescalante.com\/nosotros\/#primaryimage\"},\"image\":{\"@id\":\"https:\/\/oskarescalante.com\/nosotros\/#primaryimage\"},\"thumbnailUrl\":\"https:\/\/oskarescalante.com\/wp-content\/uploads\/2024\/10\/thumbnail.jpg\",\"datePublished\":\"2025-01-04T00:46:33+00:00\",\"dateModified\":\"2025-06-25T22:04:53+00:00\",\"description\":\"Con m\u00e1s de 20 a\u00f1os de experiencia en el dise\u00f1o, planeaci\u00f3n y organizaci\u00f3n de eventos.\",\"breadcrumb\":{\"@id\":\"https:\/\/oskarescalante.com\/nosotros\/#breadcrumb\"},\"inLanguage\":\"en-US\",\"potentialAction\":[{\"@type\":\"ReadAction\",\"target\":[\"https:\/\/oskarescalante.com\/nosotros\/\"]}]},{\"@type\":\"ImageObject\",\"inLanguage\":\"en-US\",\"@id\":\"https:\/\/oskarescalante.com\/nosotros\/#primaryimage\",\"url\":\"https:\/\/oskarescalante.com\/wp-content\/uploads\/2024\/10\/thumbnail.jpg\",\"contentUrl\":\"https:\/\/oskarescalante.com\/wp-content\/uploads\/2024\/10\/thumbnail.jpg\",\"width\":800,\"height\":600},{\"@type\":\"BreadcrumbList\",\"@id\":\"https:\/\/oskarescalante.com\/nosotros\/#breadcrumb\",\"itemListElement\":[{\"@type\":\"ListItem\",\"position\":1,\"name\":\"Inicio\",\"item\":\"https:\/\/oskarescalante.com\/\"},{\"@type\":\"ListItem\",\"position\":2,\"name\":\"Nosotros\"}]},{\"@type\":\"WebSite\",\"@id\":\"https:\/\/oskarescalante.com\/#website\",\"url\":\"https:\/\/oskarescalante.com\/\",\"name\":\"Oskar Escalante\",\"description\":\"Event Designer\",\"publisher\":{\"@id\":\"https:\/\/oskarescalante.com\/#organization\"},\"potentialAction\":[{\"@type\":\"SearchAction\",\"target\":{\"@type\":\"EntryPoint\",\"urlTemplate\":\"https:\/\/oskarescalante.com\/?s={search_term_string}\"},\"query-input\":{\"@type\":\"PropertyValueSpecification\",\"valueRequired\":true,\"valueName\":\"search_term_string\"}}],\"inLanguage\":\"en-US\"},{\"@type\":\"Organization\",\"@id\":\"https:\/\/oskarescalante.com\/#organization\",\"name\":\"Oskar Escalante\",\"url\":\"https:\/\/oskarescalante.com\/\",\"logo\":{\"@type\":\"ImageObject\",\"inLanguage\":\"en-US\",\"@id\":\"https:\/\/oskarescalante.com\/#\/schema\/logo\/image\/\",\"url\":\"https:\/\/oskarescalante.com\/wp-content\/uploads\/2024\/10\/Logo-horizontal.png\",\"contentUrl\":\"https:\/\/oskarescalante.com\/wp-content\/uploads\/2024\/10\/Logo-horizontal.png\",\"width\":583,\"height\":237,\"caption\":\"Oskar Escalante\"},\"image\":{\"@id\":\"https:\/\/oskarescalante.com\/#\/schema\/logo\/image\/\"},\"sameAs\":[\"https:\/\/www.facebook.com\/oskarescalantewedding\/\",\"https:\/\/www.instagram.com\/oskarescalante\/\"]}]}<\/script>\n<!-- \/ Yoast SEO plugin. -->","yoast_head_json":{"title":"Nosotros | Oskar Escalante","description":"Con m\u00e1s de 20 a\u00f1os de experiencia en el dise\u00f1o, planeaci\u00f3n y organizaci\u00f3n de eventos.","robots":{"index":"index","follow":"follow","max-snippet":"max-snippet:-1","max-image-preview":"max-image-preview:large","max-video-preview":"max-video-preview:-1"},"canonical":"https:\/\/oskarescalante.com\/en\/nosotros\/","og_locale":"en_US","og_type":"article","og_title":"Nosotros | Oskar Escalante","og_description":"Con m\u00e1s de 20 a\u00f1os de experiencia en el dise\u00f1o, planeaci\u00f3n y organizaci\u00f3n de eventos.","og_url":"https:\/\/oskarescalante.com\/en\/nosotros\/","og_site_name":"Oskar Escalante","article_publisher":"https:\/\/www.facebook.com\/oskarescalantewedding\/","article_modified_time":"2025-06-25T22:04:53+00:00","og_image":[{"width":800,"height":600,"url":"https:\/\/oskarescalante.com\/wp-content\/uploads\/2024\/10\/thumbnail.jpg","type":"image\/jpeg"}],"twitter_card":"summary_large_image","twitter_misc":{"Est. reading time":"4 minutes"},"schema":{"@context":"https:\/\/schema.org","@graph":[{"@type":"WebPage","@id":"https:\/\/oskarescalante.com\/nosotros\/","url":"https:\/\/oskarescalante.com\/nosotros\/","name":"Nosotros | Oskar Escalante","isPartOf":{"@id":"https:\/\/oskarescalante.com\/#website"},"primaryImageOfPage":{"@id":"https:\/\/oskarescalante.com\/nosotros\/#primaryimage"},"image":{"@id":"https:\/\/oskarescalante.com\/nosotros\/#primaryimage"},"thumbnailUrl":"https:\/\/oskarescalante.com\/wp-content\/uploads\/2024\/10\/thumbnail.jpg","datePublished":"2025-01-04T00:46:33+00:00","dateModified":"2025-06-25T22:04:53+00:00","description":"Con m\u00e1s de 20 a\u00f1os de experiencia en el dise\u00f1o, planeaci\u00f3n y organizaci\u00f3n de eventos.","breadcrumb":{"@id":"https:\/\/oskarescalante.com\/nosotros\/#breadcrumb"},"inLanguage":"en-US","potentialAction":[{"@type":"ReadAction","target":["https:\/\/oskarescalante.com\/nosotros\/"]}]},{"@type":"ImageObject","inLanguage":"en-US","@id":"https:\/\/oskarescalante.com\/nosotros\/#primaryimage","url":"https:\/\/oskarescalante.com\/wp-content\/uploads\/2024\/10\/thumbnail.jpg","contentUrl":"https:\/\/oskarescalante.com\/wp-content\/uploads\/2024\/10\/thumbnail.jpg","width":800,"height":600},{"@type":"BreadcrumbList","@id":"https:\/\/oskarescalante.com\/nosotros\/#breadcrumb","itemListElement":[{"@type":"ListItem","position":1,"name":"Inicio","item":"https:\/\/oskarescalante.com\/"},{"@type":"ListItem","position":2,"name":"Nosotros"}]},{"@type":"WebSite","@id":"https:\/\/oskarescalante.com\/#website","url":"https:\/\/oskarescalante.com\/","name":"Oskar Escalante","description":"Event Designer","publisher":{"@id":"https:\/\/oskarescalante.com\/#organization"},"potentialAction":[{"@type":"SearchAction","target":{"@type":"EntryPoint","urlTemplate":"https:\/\/oskarescalante.com\/?s={search_term_string}"},"query-input":{"@type":"PropertyValueSpecification","valueRequired":true,"valueName":"search_term_string"}}],"inLanguage":"en-US"},{"@type":"Organization","@id":"https:\/\/oskarescalante.com\/#organization","name":"Oskar Escalante","url":"https:\/\/oskarescalante.com\/","logo":{"@type":"ImageObject","inLanguage":"en-US","@id":"https:\/\/oskarescalante.com\/#\/schema\/logo\/image\/","url":"https:\/\/oskarescalante.com\/wp-content\/uploads\/2024\/10\/Logo-horizontal.png","contentUrl":"https:\/\/oskarescalante.com\/wp-content\/uploads\/2024\/10\/Logo-horizontal.png","width":583,"height":237,"caption":"Oskar Escalante"},"image":{"@id":"https:\/\/oskarescalante.com\/#\/schema\/logo\/image\/"},"sameAs":["https:\/\/www.facebook.com\/oskarescalantewedding\/","https:\/\/www.instagram.com\/oskarescalante\/"]}]}},"_links":{"self":[{"href":"https:\/\/oskarescalante.com\/en\/wp-json\/wp\/v2\/pages\/521","targetHints":{"allow":["GET"]}}],"collection":[{"href":"https:\/\/oskarescalante.com\/en\/wp-json\/wp\/v2\/pages"}],"about":[{"href":"https:\/\/oskarescalante.com\/en\/wp-json\/wp\/v2\/types\/page"}],"author":[{"embeddable":true,"href":"https:\/\/oskarescalante.com\/en\/wp-json\/wp\/v2\/users\/2"}],"replies":[{"embeddable":true,"href":"https:\/\/oskarescalante.com\/en\/wp-json\/wp\/v2\/comments?post=521"}],"version-history":[{"count":112,"href":"https:\/\/oskarescalante.com\/en\/wp-json\/wp\/v2\/pages\/521\/revisions"}],"predecessor-version":[{"id":1271,"href":"https:\/\/oskarescalante.com\/en\/wp-json\/wp\/v2\/pages\/521\/revisions\/1271"}],"wp:featuredmedia":[{"embeddable":true,"href":"https:\/\/oskarescalante.com\/en\/wp-json\/wp\/v2\/media\/301"}],"wp:attachment":[{"href":"https:\/\/oskarescalante.com\/en\/wp-json\/wp\/v2\/media?parent=521"}],"curies":[{"name":"wp","href":"https:\/\/api.w.org\/{rel}","templated":true}]}}